{"id":3381,"date":"2021-09-10T15:15:21","date_gmt":"2021-09-10T18:15:21","guid":{"rendered":"https:\/\/mef.org.ar\/tienda\/?post_type=product&#038;p=3381"},"modified":"2026-01-04T23:19:19","modified_gmt":"2026-01-05T02:19:19","slug":"ninos","status":"publish","type":"product","link":"https:\/\/mef.org.ar\/tienda\/producto\/ninos\/","title":{"rendered":"Ni\u00f1os de 4 a 11 a\u00f1os"},"content":{"rendered":"","protected":false},"excerpt":{"rendered":"<p>Entrada \u00fanica para ni\u00f1os de 4 a 11 a\u00f1os.<\/p>\n<p>Se debe presentar DNI al ingresar.<\/p>\n<p><a href=\"https:\/\/mef.org.ar\/visitas\/\" target=\"_blank\" rel=\"noopener\"><strong>Ver horarios AC\u00c1<\/strong><\/a><\/p>\n","protected":false},"featured_media":5418,"template":"","meta":[],"product_brand":[],"product_cat":[38],"product_tag":[],"mwb_booking_cost":[],"mwb_booking_service":[],"class_list":{"0":"post-3381","1":"product","2":"type-product","3":"status-publish","4":"has-post-thumbnail","6":"product_cat-entradas","7":"wcpa_has_options","9":"first","10":"instock","11":"shipping-taxable","12":"purchasable","13":"product-type-variable","14":"has-default-attributes"},"_links":{"self":[{"href":"https:\/\/mef.org.ar\/tienda\/wp-json\/wp\/v2\/product\/3381","targetHints":{"allow":["GET"]}}],"collection":[{"href":"https:\/\/mef.org.ar\/tienda\/wp-json\/wp\/v2\/product"}],"about":[{"href":"https:\/\/mef.org.ar\/tienda\/wp-json\/wp\/v2\/types\/product"}],"wp:featuredmedia":[{"embeddable":true,"href":"https:\/\/mef.org.ar\/tienda\/wp-json\/wp\/v2\/media\/5418"}],"wp:attachment":[{"href":"https:\/\/mef.org.ar\/tienda\/wp-json\/wp\/v2\/media?parent=3381"}],"wp:term":[{"taxonomy":"product_brand","embeddable":true,"href":"https:\/\/mef.org.ar\/tienda\/wp-json\/wp\/v2\/product_brand?post=3381"},{"taxonomy":"product_cat","embeddable":true,"href":"https:\/\/mef.org.ar\/tienda\/wp-json\/wp\/v2\/product_cat?post=3381"},{"taxonomy":"product_tag","embeddable":true,"href":"https:\/\/mef.org.ar\/tienda\/wp-json\/wp\/v2\/product_tag?post=3381"},{"taxonomy":"mwb_booking_cost","embeddable":true,"href":"https:\/\/mef.org.ar\/tienda\/wp-json\/wp\/v2\/mwb_booking_cost?post=3381"},{"taxonomy":"mwb_booking_service","embeddable":true,"href":"https:\/\/mef.org.ar\/tienda\/wp-json\/wp\/v2\/mwb_booking_service?post=3381"}],"curies":[{"name":"wp","href":"https:\/\/api.w.org\/{rel}","templated":true}]}}